{"id":328,"date":"2021-06-23T08:56:13","date_gmt":"2021-06-23T08:56:13","guid":{"rendered":"https:\/\/www.esimarshop.com\/condicions-denviament\/"},"modified":"2022-05-02T12:55:43","modified_gmt":"2022-05-02T10:55:43","slug":"condicions-denviament","status":"publish","type":"page","link":"https:\/\/www.esimarshop.com\/ca\/condicions-denviament\/","title":{"rendered":"Condicions d&#8217;enviament"},"content":{"rendered":"\t\t<div data-elementor-type=\"wp-page\" data-elementor-id=\"328\" class=\"elementor elementor-328 elementor-61\">\n\t\t\t\t\t\t<section class=\"elementor-section elementor-top-section elementor-element elementor-element-0ce5e3c elementor-section-height-min-height elementor-section-items-stretch elementor-section-content-middle elementor-section-stretched elementor-reverse-mobile elementor-section-boxed elementor-section-height-default\" data-id=\"0ce5e3c\" data-element_type=\"section\" data-settings=\"{&quot;stretch_section&quot;:&quot;section-stretched&quot;,&quot;background_background&quot;:&quot;classic&quot;}\">\n\t\t\t\t\t\t\t<div class=\"elementor-background-overlay\"><\/div>\n\t\t\t\t\t\t\t<div class=\"elementor-container elementor-column-gap-default\">\n\t\t\t\t\t<div class=\"elementor-column elementor-col-100 elementor-top-column elementor-element elementor-element-7df97df\" data-id=\"7df97df\" data-element_type=\"column\">\n\t\t\t<div class=\"elementor-widget-wrap elementor-element-populated\">\n\t\t\t\t\t\t<div class=\"elementor-element elementor-element-1167e7c elementor-widget elementor-widget-heading\" data-id=\"1167e7c\" data-element_type=\"widget\" data-widget_type=\"heading.default\">\n\t\t\t\t<div class=\"elementor-widget-container\">\n\t\t\t\t\t<h1 class=\"elementor-heading-title elementor-size-default\">Punts de lliurament gratu\u00eft<\/h1>\t\t\t\t<\/div>\n\t\t\t\t<\/div>\n\t\t\t\t\t<\/div>\n\t\t<\/div>\n\t\t\t\t\t<\/div>\n\t\t<\/section>\n\t\t\t\t<section class=\"elementor-section elementor-top-section elementor-element elementor-element-162cb35 elementor-section-boxed elementor-section-height-default elementor-section-height-default\" data-id=\"162cb35\" data-element_type=\"section\">\n\t\t\t\t\t\t<div class=\"elementor-container elementor-column-gap-default\">\n\t\t\t\t\t<div class=\"elementor-column elementor-col-50 elementor-top-column elementor-element elementor-element-04a6ac7 elementor-hidden-phone\" data-id=\"04a6ac7\" data-element_type=\"column\">\n\t\t\t<div class=\"elementor-widget-wrap\">\n\t\t\t\t\t\t\t<\/div>\n\t\t<\/div>\n\t\t\t\t<div class=\"elementor-column elementor-col-50 elementor-top-column elementor-element elementor-element-f4f1292\" data-id=\"f4f1292\" data-element_type=\"column\">\n\t\t\t<div class=\"elementor-widget-wrap elementor-element-populated\">\n\t\t\t\t\t\t<div class=\"elementor-element elementor-element-c12a48f elementor-widget elementor-widget-text-editor\" data-id=\"c12a48f\" data-element_type=\"widget\" data-widget_type=\"text-editor.default\">\n\t\t\t\t<div class=\"elementor-widget-container\">\n\t\t\t\t\t\t\t\t\tESIMar Shop us ofereix un sistema d\u2019<strong>entrega gratu\u00eft<\/strong> de la teva comanda a punts espec\u00edfics del centre. Podr\u00e1s recollir la teva comanda a:\t\t\t\t\t\t\t\t<\/div>\n\t\t\t\t<\/div>\n\t\t\t\t<div class=\"elementor-element elementor-element-9239a5b elementor-widget elementor-widget-heading\" data-id=\"9239a5b\" data-element_type=\"widget\" data-widget_type=\"heading.default\">\n\t\t\t\t<div class=\"elementor-widget-container\">\n\t\t\t\t\t<h2 class=\"elementor-heading-title elementor-size-default\">Secretaria d'ESIMAR<\/h2>\t\t\t\t<\/div>\n\t\t\t\t<\/div>\n\t\t\t\t<div class=\"elementor-element elementor-element-6ce9e83 elementor-icon-list--layout-traditional elementor-list-item-link-full_width elementor-widget elementor-widget-icon-list\" data-id=\"6ce9e83\" data-element_type=\"widget\" data-widget_type=\"icon-list.default\">\n\t\t\t\t<div class=\"elementor-widget-container\">\n\t\t\t\t\t\t\t<ul class=\"elementor-icon-list-items\">\n\t\t\t\t\t\t\t<li class=\"elementor-icon-list-item\">\n\t\t\t\t\t\t\t\t\t\t\t<span class=\"elementor-icon-list-icon\">\n\t\t\t\t\t\t\t<i aria-hidden=\"true\" class=\"fas fa-map-marker-alt\"><\/i>\t\t\t\t\t\t<\/span>\n\t\t\t\t\t\t\t\t\t\t<span class=\"elementor-icon-list-text\">C\/ Doctor Aiguader, 80 3\u00aa Planta<br>08003 Barcelona<\/span>\n\t\t\t\t\t\t\t\t\t<\/li>\n\t\t\t\t\t\t\t\t<li class=\"elementor-icon-list-item\">\n\t\t\t\t\t\t\t\t\t\t\t<span class=\"elementor-icon-list-icon\">\n\t\t\t\t\t\t\t<i aria-hidden=\"true\" class=\"fas fa-clock\"><\/i>\t\t\t\t\t\t<\/span>\n\t\t\t\t\t\t\t\t\t\t<span class=\"elementor-icon-list-text\">Dilluns a divendres de 9:50 a 14:30h i de 16:00 a 18:00h<\/span>\n\t\t\t\t\t\t\t\t\t<\/li>\n\t\t\t\t\t\t<\/ul>\n\t\t\t\t\t\t<\/div>\n\t\t\t\t<\/div>\n\t\t\t\t<div class=\"elementor-element elementor-element-d9f3cb1 elementor-widget elementor-widget-text-editor\" data-id=\"d9f3cb1\" data-element_type=\"widget\" data-widget_type=\"text-editor.default\">\n\t\t\t\t<div class=\"elementor-widget-container\">\n\t\t\t\t\t\t\t\t\t<em>Les entregues a aquest punt d&#8217;entrega, es realitzen <strong>un cop per setmana<\/strong>. Es rebr\u00e0 un email amb la data a partir de la qual es podr\u00e0 recollir la comanda. (m\u00e0xim 8 dies des de la compra, excepte incid\u00e8ncies.)<\/em>\t\t\t\t\t\t\t\t<\/div>\n\t\t\t\t<\/div>\n\t\t\t\t<div class=\"elementor-element elementor-element-f72a0be elementor-widget elementor-widget-heading\" data-id=\"f72a0be\" data-element_type=\"widget\" data-widget_type=\"heading.default\">\n\t\t\t\t<div class=\"elementor-widget-container\">\n\t\t\t\t\t<h2 class=\"elementor-heading-title elementor-size-default\">EMEDE (log\u00edstica)<\/h2>\t\t\t\t<\/div>\n\t\t\t\t<\/div>\n\t\t\t\t<div class=\"elementor-element elementor-element-33fc2a3 elementor-icon-list--layout-traditional elementor-list-item-link-full_width elementor-widget elementor-widget-icon-list\" data-id=\"33fc2a3\" data-element_type=\"widget\" data-widget_type=\"icon-list.default\">\n\t\t\t\t<div class=\"elementor-widget-container\">\n\t\t\t\t\t\t\t<ul class=\"elementor-icon-list-items\">\n\t\t\t\t\t\t\t<li class=\"elementor-icon-list-item\">\n\t\t\t\t\t\t\t\t\t\t\t<span class=\"elementor-icon-list-icon\">\n\t\t\t\t\t\t\t<i aria-hidden=\"true\" class=\"fas fa-map-marker-alt\"><\/i>\t\t\t\t\t\t<\/span>\n\t\t\t\t\t\t\t\t\t\t<span class=\"elementor-icon-list-text\">C\/ Nicaragua, 78-82<br>08029 Barcelona<\/span>\n\t\t\t\t\t\t\t\t\t<\/li>\n\t\t\t\t\t\t\t\t<li class=\"elementor-icon-list-item\">\n\t\t\t\t\t\t\t\t\t\t\t<span class=\"elementor-icon-list-icon\">\n\t\t\t\t\t\t\t<i aria-hidden=\"true\" class=\"fas fa-clock\"><\/i>\t\t\t\t\t\t<\/span>\n\t\t\t\t\t\t\t\t\t\t<span class=\"elementor-icon-list-text\">Dilluns a divendres de 10:00 a 14:00h<\/span>\n\t\t\t\t\t\t\t\t\t<\/li>\n\t\t\t\t\t\t<\/ul>\n\t\t\t\t\t\t<\/div>\n\t\t\t\t<\/div>\n\t\t\t\t<div class=\"elementor-element elementor-element-7d332ac elementor-widget elementor-widget-text-editor\" data-id=\"7d332ac\" data-element_type=\"widget\" data-widget_type=\"text-editor.default\">\n\t\t\t\t<div class=\"elementor-widget-container\">\n\t\t\t\t\t\t\t\t\t<em>Lliurament de la comanda preparada en 1-2 dies des de la compra, excepte incid\u00e8ncies. Es rebr\u00e0 un email amb la data a partir de la qual es podr\u00e0 recollir la comanda.\r\n<\/em>\t\t\t\t\t\t\t\t<\/div>\n\t\t\t\t<\/div>\n\t\t\t\t\t<\/div>\n\t\t<\/div>\n\t\t\t\t\t<\/div>\n\t\t<\/section>\n\t\t\t\t<section class=\"elementor-section elementor-top-section elementor-element elementor-element-52c02b5 elementor-section-boxed elementor-section-height-default elementor-section-height-default\" data-id=\"52c02b5\" data-element_type=\"section\" data-settings=\"{&quot;background_background&quot;:&quot;classic&quot;}\">\n\t\t\t\t\t\t<div class=\"elementor-container elementor-column-gap-default\">\n\t\t\t\t\t<div class=\"elementor-column elementor-col-100 elementor-top-column elementor-element elementor-element-7d440a53\" data-id=\"7d440a53\" data-element_type=\"column\">\n\t\t\t<div class=\"elementor-widget-wrap elementor-element-populated\">\n\t\t\t\t\t\t<div class=\"elementor-element elementor-element-47c0ef1 elementor-widget elementor-widget-heading\" data-id=\"47c0ef1\" data-element_type=\"widget\" data-widget_type=\"heading.default\">\n\t\t\t\t<div class=\"elementor-widget-container\">\n\t\t\t\t\t<h3 class=\"elementor-heading-title elementor-size-default\">Enviaments amb ports a c\u00e0rrec de l'usuari<\/h3>\t\t\t\t<\/div>\n\t\t\t\t<\/div>\n\t\t\t\t<div class=\"elementor-element elementor-element-8ac4179 elementor-widget elementor-widget-text-editor\" data-id=\"8ac4179\" data-element_type=\"widget\" data-widget_type=\"text-editor.default\">\n\t\t\t\t<div class=\"elementor-widget-container\">\n\t\t\t\t\t\t\t\t\tESIMar Shop i tamb\u00e9 us ofereix un sistema de lliurament amb <strong>ports a c\u00e0rrec de l&#8217;usuari<\/strong> per enviar les vostres comandes a l&#8217;adre\u00e7a que us convingui.\r\n\r\nSi heu triat aquest tipus d&#8217;enviament no oblideu indicar-nos la vostra adre\u00e7a de lliurament a l&#8217;apartat \u201cAdre\u00e7a de lliurament\u201d del pas \u201c<strong>3. Comanda<\/strong>\u201c, activant l&#8217;opci\u00f3 corresponent del formulari que s&#8217;ofereix.\r\n\r\nA l&#8217;hora de seleccionar l&#8217;adre\u00e7a d&#8217;enviament, recordeu triar-ne una on hi hagi alg\u00fa habitualment.\r\n\r\nRecordeu que ESIMar Shop permet fer l&#8217;enviament de la vostra comanda a una adre\u00e7a diferent de l&#8217;adre\u00e7a de facturaci\u00f3, les dades de la que haureu d&#8217;introduir en un formulari diferent.\t\t\t\t\t\t\t\t<\/div>\n\t\t\t\t<\/div>\n\t\t\t\t\t<\/div>\n\t\t<\/div>\n\t\t\t\t\t<\/div>\n\t\t<\/section>\n\t\t\t\t<section class=\"elementor-section elementor-top-section elementor-element elementor-element-f0e6613 elementor-section-boxed elementor-section-height-default elementor-section-height-default\" data-id=\"f0e6613\" data-element_type=\"section\">\n\t\t\t\t\t\t<div class=\"elementor-container elementor-column-gap-default\">\n\t\t\t\t\t<div class=\"elementor-column elementor-col-50 elementor-top-column elementor-element elementor-element-c362d0d\" data-id=\"c362d0d\" data-element_type=\"column\">\n\t\t\t<div class=\"elementor-widget-wrap elementor-element-populated\">\n\t\t\t\t\t\t<div class=\"elementor-element elementor-element-38c0cfc elementor-position-left elementor-view-default elementor-mobile-position-top elementor-widget elementor-widget-icon-box\" data-id=\"38c0cfc\" data-element_type=\"widget\" data-widget_type=\"icon-box.default\">\n\t\t\t\t<div class=\"elementor-widget-container\">\n\t\t\t\t\t\t\t<div class=\"elementor-icon-box-wrapper\">\n\n\t\t\t\t\t\t<div class=\"elementor-icon-box-icon\">\n\t\t\t\t<span  class=\"elementor-icon\">\n\t\t\t\t<i aria-hidden=\"true\" class=\"fas fa-truck\"><\/i>\t\t\t\t<\/span>\n\t\t\t<\/div>\n\t\t\t\n\t\t\t\t\t\t<div class=\"elementor-icon-box-content\">\n\n\t\t\t\t\t\t\t\t\t<h3 class=\"elementor-icon-box-title\">\n\t\t\t\t\t\t<span  >\n\t\t\t\t\t\t\tQu\u00e8 fer si el teu comanda no arriba?\t\t\t\t\t\t<\/span>\n\t\t\t\t\t<\/h3>\n\t\t\t\t\n\t\t\t\t\n\t\t\t<\/div>\n\t\t\t\n\t\t<\/div>\n\t\t\t\t\t\t<\/div>\n\t\t\t\t<\/div>\n\t\t\t\t<div class=\"elementor-element elementor-element-a98842d elementor-widget elementor-widget-text-editor\" data-id=\"a98842d\" data-element_type=\"widget\" data-widget_type=\"text-editor.default\">\n\t\t\t\t<div class=\"elementor-widget-container\">\n\t\t\t\t\t\t\t\t\t<div class=\"elementor-element elementor-element-5dcfeed elementor-widget elementor-widget-text-editor\" data-id=\"5dcfeed\" data-element_type=\"widget\" data-widget_type=\"text-editor.default\">\r\n<div class=\"elementor-widget-container\">\r\n\r\nSi la vostra comanda no arriba a l&#8217;adre\u00e7a que heu indicat i us vau registrar pr\u00e8viament o durant la compra, podeu consultar l&#8217;estat de la comanda a trav\u00e9s de la plataforma virtual o b\u00e9 posar-vos en contacte amb nosaltres a trav\u00e9s de la p\u00e0gina \u201ccontacte\u201d.\r\n\r\nSi no et vas registrar en fer la comanda, contacta amb nosaltres a trav\u00e9s de la p\u00e0gina \u201ccontacte\u201d.\r\n\r\n<\/div>\r\n<\/div>\t\t\t\t\t\t\t\t<\/div>\n\t\t\t\t<\/div>\n\t\t\t\t<div class=\"elementor-element elementor-element-7f05543 elementor-align-center elementor-widget elementor-widget-button\" data-id=\"7f05543\" data-element_type=\"widget\" data-widget_type=\"button.default\">\n\t\t\t\t<div class=\"elementor-widget-container\">\n\t\t\t\t\t\t\t\t\t<div class=\"elementor-button-wrapper\">\n\t\t\t\t\t<a class=\"elementor-button elementor-button-link elementor-size-sm\" href=\"https:\/\/www.esimarshop.com\/ca\/contacta\/\">\n\t\t\t\t\t\t<span class=\"elementor-button-content-wrapper\">\n\t\t\t\t\t\t\t\t\t<span class=\"elementor-button-text\">CONTACTA AMB NOSALTRES<\/span>\n\t\t\t\t\t<\/span>\n\t\t\t\t\t<\/a>\n\t\t\t\t<\/div>\n\t\t\t\t\t\t\t\t<\/div>\n\t\t\t\t<\/div>\n\t\t\t\t\t<\/div>\n\t\t<\/div>\n\t\t\t\t<div class=\"elementor-column elementor-col-50 elementor-top-column elementor-element elementor-element-5ee9ffe\" data-id=\"5ee9ffe\" data-element_type=\"column\">\n\t\t\t<div class=\"elementor-widget-wrap elementor-element-populated\">\n\t\t\t\t\t\t<div class=\"elementor-element elementor-element-2207923 elementor-widget elementor-widget-heading\" data-id=\"2207923\" data-element_type=\"widget\" data-widget_type=\"heading.default\">\n\t\t\t\t<div class=\"elementor-widget-container\">\n\t\t\t\t\t<h3 class=\"elementor-heading-title elementor-size-default\">Registrar-se<\/h3>\t\t\t\t<\/div>\n\t\t\t\t<\/div>\n\t\t\t\t<div class=\"elementor-element elementor-element-cfaa021 elementor-widget elementor-widget-text-editor\" data-id=\"cfaa021\" data-element_type=\"widget\" data-widget_type=\"text-editor.default\">\n\t\t\t\t<div class=\"elementor-widget-container\">\n\t\t\t\t\t\t\t\t\tDes d&#8217;ESIMar Shop us recomanem que us registreu com a usuari de la botiga virtual, de cara a futures compres i per poder fer un seguiment de l&#8217;evoluci\u00f3 de la vostra comanda.\r\n\r\nUn cop registrat o registrada, et podr\u00e0s identificar sempre que vulguis per administrar les dades principals de facturaci\u00f3, l&#8217;adre\u00e7a de lliurament en cas que hagis de canviar la contrasenya o veure l&#8217;estat de la teva comanda.\r\n\r\n<strong>Avantatges de registrar-se:<\/strong>\r\n<ul>\r\n  <li>F\u00e0cil i senzill: nom\u00e9s has d&#8217;introduir la teva informaci\u00f3 una vegada.<\/li>\r\n  <li>Sempre informat de l&#8217;estat de la vostra comanda.<\/li>\r\n<\/ul>\t\t\t\t\t\t\t\t<\/div>\n\t\t\t\t<\/div>\n\t\t\t\t\t<\/div>\n\t\t<\/div>\n\t\t\t\t\t<\/div>\n\t\t<\/section>\n\t\t\t\t<\/div>\n\t\t","protected":false},"excerpt":{"rendered":"<p>Punts de lliurament gratu\u00eft ESIMar Shop us ofereix un sistema d\u2019entrega gratu\u00eft de la teva comanda a punts espec\u00edfics del centre. Podr\u00e1s recollir la teva comanda a: Secretaria d&#8217;ESIMAR C\/ Doctor Aiguader, 80 3\u00aa Planta08003 Barcelona Dilluns a divendres de 9:50 a 14:30h i de 16:00 a 18:00h Les entregues a aquest punt d&#8217;entrega, es [&hellip;]<\/p>\n","protected":false},"author":1,"featured_media":0,"parent":0,"menu_order":0,"comment_status":"closed","ping_status":"closed","template":"elementor_header_footer","meta":{"_acf_changed":false,"ocean_post_layout":"","ocean_both_sidebars_style":"","ocean_both_sidebars_content_width":0,"ocean_both_sidebars_sidebars_width":0,"ocean_sidebar":"0","ocean_second_sidebar":"0","ocean_disable_margins":"enable","ocean_add_body_class":"","ocean_shortcode_before_top_bar":"","ocean_shortcode_after_top_bar":"","ocean_shortcode_before_header":"","ocean_shortcode_after_header":"","ocean_has_shortcode":"","ocean_shortcode_after_title":"","ocean_shortcode_before_footer_widgets":"","ocean_shortcode_after_footer_widgets":"","ocean_shortcode_before_footer_bottom":"","ocean_shortcode_after_footer_bottom":"","ocean_display_top_bar":"default","ocean_display_header":"default","ocean_header_style":"","ocean_center_header_left_menu":"0","ocean_custom_header_template":"0","ocean_custom_logo":0,"ocean_custom_retina_logo":0,"ocean_custom_logo_max_width":0,"ocean_custom_logo_tablet_max_width":0,"ocean_custom_logo_mobile_max_width":0,"ocean_custom_logo_max_height":0,"ocean_custom_logo_tablet_max_height":0,"ocean_custom_logo_mobile_max_height":0,"ocean_header_custom_menu":"0","ocean_menu_typo_font_family":"0","ocean_menu_typo_font_subset":"","ocean_menu_typo_font_size":0,"ocean_menu_typo_font_size_tablet":0,"ocean_menu_typo_font_size_mobile":0,"ocean_menu_typo_font_size_unit":"px","ocean_menu_typo_font_weight":"","ocean_menu_typo_font_weight_tablet":"","ocean_menu_typo_font_weight_mobile":"","ocean_menu_typo_transform":"","ocean_menu_typo_transform_tablet":"","ocean_menu_typo_transform_mobile":"","ocean_menu_typo_line_height":0,"ocean_menu_typo_line_height_tablet":0,"ocean_menu_typo_line_height_mobile":0,"ocean_menu_typo_line_height_unit":"","ocean_menu_typo_spacing":0,"ocean_menu_typo_spacing_tablet":0,"ocean_menu_typo_spacing_mobile":0,"ocean_menu_typo_spacing_unit":"","ocean_menu_link_color":"","ocean_menu_link_color_hover":"","ocean_menu_link_color_active":"","ocean_menu_link_background":"","ocean_menu_link_hover_background":"","ocean_menu_link_active_background":"","ocean_menu_social_links_bg":"","ocean_menu_social_hover_links_bg":"","ocean_menu_social_links_color":"","ocean_menu_social_hover_links_color":"","ocean_disable_title":"default","ocean_disable_heading":"default","ocean_post_title":"","ocean_post_subheading":"","ocean_post_title_style":"","ocean_post_title_background_color":"","ocean_post_title_background":0,"ocean_post_title_bg_image_position":"","ocean_post_title_bg_image_attachment":"","ocean_post_title_bg_image_repeat":"","ocean_post_title_bg_image_size":"","ocean_post_title_height":0,"ocean_post_title_bg_overlay":0.5,"ocean_post_title_bg_overlay_color":"","ocean_disable_breadcrumbs":"default","ocean_breadcrumbs_color":"","ocean_breadcrumbs_separator_color":"","ocean_breadcrumbs_links_color":"","ocean_breadcrumbs_links_hover_color":"","ocean_display_footer_widgets":"default","ocean_display_footer_bottom":"default","ocean_custom_footer_template":"0","footnotes":""},"class_list":["post-328","page","type-page","status-publish","hentry","entry","owp-thumbs-layout-horizontal","owp-btn-big","owp-tabs-layout-vertical","has-no-thumbnails","has-product-nav","circle-sale"],"acf":[],"yoast_head":"<!-- This site is optimized with the Yoast SEO plugin v26.3 - https:\/\/yoast.com\/wordpress\/plugins\/seo\/ -->\n<title>Condicions d&#039;enviament - ESIMar shop<\/title>\n<meta name=\"robots\" content=\"index, follow, max-snippet:-1, max-image-preview:large, max-video-preview:-1\" \/>\n<link rel=\"canonical\" href=\"https:\/\/www.esimarshop.com\/condiciones-de-envio\/\" \/>\n<meta property=\"og:locale\" content=\"ca_ES\" \/>\n<meta property=\"og:type\" content=\"article\" \/>\n<meta property=\"og:title\" content=\"Condicions d&#039;enviament - ESIMar shop\" \/>\n<meta property=\"og:description\" content=\"Punts de lliurament gratu\u00eft ESIMar Shop us ofereix un sistema d\u2019entrega gratu\u00eft de la teva comanda a punts espec\u00edfics del centre. Podr\u00e1s recollir la teva comanda a: Secretaria d&#8217;ESIMAR C\/ Doctor Aiguader, 80 3\u00aa Planta08003 Barcelona Dilluns a divendres de 9:50 a 14:30h i de 16:00 a 18:00h Les entregues a aquest punt d&#8217;entrega, es [&hellip;]\" \/>\n<meta property=\"og:url\" content=\"https:\/\/www.esimarshop.com\/condiciones-de-envio\/\" \/>\n<meta property=\"og:site_name\" content=\"ESIMar shop\" \/>\n<meta property=\"article:modified_time\" content=\"2022-05-02T10:55:43+00:00\" \/>\n<meta name=\"twitter:card\" content=\"summary_large_image\" \/>\n<meta name=\"twitter:label1\" content=\"Temps estimat de lectura\" \/>\n\t<meta name=\"twitter:data1\" content=\"2 minuts\" \/>\n<script type=\"application\/ld+json\" class=\"yoast-schema-graph\">{\"@context\":\"https:\/\/schema.org\",\"@graph\":[{\"@type\":\"WebPage\",\"@id\":\"https:\/\/www.esimarshop.com\/condiciones-de-envio\/\",\"url\":\"https:\/\/www.esimarshop.com\/condiciones-de-envio\/\",\"name\":\"Condicions d'enviament - ESIMar shop\",\"isPartOf\":{\"@id\":\"https:\/\/www.esimarshop.com\/#website\"},\"datePublished\":\"2021-06-23T08:56:13+00:00\",\"dateModified\":\"2022-05-02T10:55:43+00:00\",\"breadcrumb\":{\"@id\":\"https:\/\/www.esimarshop.com\/condiciones-de-envio\/#breadcrumb\"},\"inLanguage\":\"ca\",\"potentialAction\":[{\"@type\":\"ReadAction\",\"target\":[\"https:\/\/www.esimarshop.com\/condiciones-de-envio\/\"]}]},{\"@type\":\"BreadcrumbList\",\"@id\":\"https:\/\/www.esimarshop.com\/condiciones-de-envio\/#breadcrumb\",\"itemListElement\":[{\"@type\":\"ListItem\",\"position\":1,\"name\":\"Portada\",\"item\":\"https:\/\/www.esimarshop.com\/\"},{\"@type\":\"ListItem\",\"position\":2,\"name\":\"Condicions d&#8217;enviament\"}]},{\"@type\":\"WebSite\",\"@id\":\"https:\/\/www.esimarshop.com\/#website\",\"url\":\"https:\/\/www.esimarshop.com\/\",\"name\":\"ESIMar shop\",\"description\":\"botiga online de material per a estudiant\",\"publisher\":{\"@id\":\"https:\/\/www.esimarshop.com\/#organization\"},\"potentialAction\":[{\"@type\":\"SearchAction\",\"target\":{\"@type\":\"EntryPoint\",\"urlTemplate\":\"https:\/\/www.esimarshop.com\/?s={search_term_string}\"},\"query-input\":{\"@type\":\"PropertyValueSpecification\",\"valueRequired\":true,\"valueName\":\"search_term_string\"}}],\"inLanguage\":\"ca\"},{\"@type\":\"Organization\",\"@id\":\"https:\/\/www.esimarshop.com\/#organization\",\"name\":\"ESIMar shop\",\"url\":\"https:\/\/www.esimarshop.com\/\",\"logo\":{\"@type\":\"ImageObject\",\"inLanguage\":\"ca\",\"@id\":\"https:\/\/www.esimarshop.com\/#\/schema\/logo\/image\/\",\"url\":\"https:\/\/www.esimarshop.com\/wp-content\/uploads\/2023\/07\/cropped-logo-esimar-shop-e1689234447314-1.png\",\"contentUrl\":\"https:\/\/www.esimarshop.com\/wp-content\/uploads\/2023\/07\/cropped-logo-esimar-shop-e1689234447314-1.png\",\"width\":1397,\"height\":301,\"caption\":\"ESIMar shop\"},\"image\":{\"@id\":\"https:\/\/www.esimarshop.com\/#\/schema\/logo\/image\/\"}}]}<\/script>\n<!-- \/ Yoast SEO plugin. -->","yoast_head_json":{"title":"Condicions d'enviament - ESIMar shop","robots":{"index":"index","follow":"follow","max-snippet":"max-snippet:-1","max-image-preview":"max-image-preview:large","max-video-preview":"max-video-preview:-1"},"canonical":"https:\/\/www.esimarshop.com\/condiciones-de-envio\/","og_locale":"ca_ES","og_type":"article","og_title":"Condicions d'enviament - ESIMar shop","og_description":"Punts de lliurament gratu\u00eft ESIMar Shop us ofereix un sistema d\u2019entrega gratu\u00eft de la teva comanda a punts espec\u00edfics del centre. Podr\u00e1s recollir la teva comanda a: Secretaria d&#8217;ESIMAR C\/ Doctor Aiguader, 80 3\u00aa Planta08003 Barcelona Dilluns a divendres de 9:50 a 14:30h i de 16:00 a 18:00h Les entregues a aquest punt d&#8217;entrega, es [&hellip;]","og_url":"https:\/\/www.esimarshop.com\/condiciones-de-envio\/","og_site_name":"ESIMar shop","article_modified_time":"2022-05-02T10:55:43+00:00","twitter_card":"summary_large_image","twitter_misc":{"Temps estimat de lectura":"2 minuts"},"schema":{"@context":"https:\/\/schema.org","@graph":[{"@type":"WebPage","@id":"https:\/\/www.esimarshop.com\/condiciones-de-envio\/","url":"https:\/\/www.esimarshop.com\/condiciones-de-envio\/","name":"Condicions d'enviament - ESIMar shop","isPartOf":{"@id":"https:\/\/www.esimarshop.com\/#website"},"datePublished":"2021-06-23T08:56:13+00:00","dateModified":"2022-05-02T10:55:43+00:00","breadcrumb":{"@id":"https:\/\/www.esimarshop.com\/condiciones-de-envio\/#breadcrumb"},"inLanguage":"ca","potentialAction":[{"@type":"ReadAction","target":["https:\/\/www.esimarshop.com\/condiciones-de-envio\/"]}]},{"@type":"BreadcrumbList","@id":"https:\/\/www.esimarshop.com\/condiciones-de-envio\/#breadcrumb","itemListElement":[{"@type":"ListItem","position":1,"name":"Portada","item":"https:\/\/www.esimarshop.com\/"},{"@type":"ListItem","position":2,"name":"Condicions d&#8217;enviament"}]},{"@type":"WebSite","@id":"https:\/\/www.esimarshop.com\/#website","url":"https:\/\/www.esimarshop.com\/","name":"ESIMar shop","description":"botiga online de material per a estudiant","publisher":{"@id":"https:\/\/www.esimarshop.com\/#organization"},"potentialAction":[{"@type":"SearchAction","target":{"@type":"EntryPoint","urlTemplate":"https:\/\/www.esimarshop.com\/?s={search_term_string}"},"query-input":{"@type":"PropertyValueSpecification","valueRequired":true,"valueName":"search_term_string"}}],"inLanguage":"ca"},{"@type":"Organization","@id":"https:\/\/www.esimarshop.com\/#organization","name":"ESIMar shop","url":"https:\/\/www.esimarshop.com\/","logo":{"@type":"ImageObject","inLanguage":"ca","@id":"https:\/\/www.esimarshop.com\/#\/schema\/logo\/image\/","url":"https:\/\/www.esimarshop.com\/wp-content\/uploads\/2023\/07\/cropped-logo-esimar-shop-e1689234447314-1.png","contentUrl":"https:\/\/www.esimarshop.com\/wp-content\/uploads\/2023\/07\/cropped-logo-esimar-shop-e1689234447314-1.png","width":1397,"height":301,"caption":"ESIMar shop"},"image":{"@id":"https:\/\/www.esimarshop.com\/#\/schema\/logo\/image\/"}}]}},"_links":{"self":[{"href":"https:\/\/www.esimarshop.com\/ca\/wp-json\/wp\/v2\/pages\/328","targetHints":{"allow":["GET"]}}],"collection":[{"href":"https:\/\/www.esimarshop.com\/ca\/wp-json\/wp\/v2\/pages"}],"about":[{"href":"https:\/\/www.esimarshop.com\/ca\/wp-json\/wp\/v2\/types\/page"}],"author":[{"embeddable":true,"href":"https:\/\/www.esimarshop.com\/ca\/wp-json\/wp\/v2\/users\/1"}],"replies":[{"embeddable":true,"href":"https:\/\/www.esimarshop.com\/ca\/wp-json\/wp\/v2\/comments?post=328"}],"version-history":[{"count":19,"href":"https:\/\/www.esimarshop.com\/ca\/wp-json\/wp\/v2\/pages\/328\/revisions"}],"predecessor-version":[{"id":848,"href":"https:\/\/www.esimarshop.com\/ca\/wp-json\/wp\/v2\/pages\/328\/revisions\/848"}],"wp:attachment":[{"href":"https:\/\/www.esimarshop.com\/ca\/wp-json\/wp\/v2\/media?parent=328"}],"curies":[{"name":"wp","href":"https:\/\/api.w.org\/{rel}","templated":true}]}}