{"id":338,"date":"2021-06-23T09:08:37","date_gmt":"2021-06-23T09:08:37","guid":{"rendered":"https:\/\/www.esimarshop.com\/contacta\/"},"modified":"2023-06-23T11:50:55","modified_gmt":"2023-06-23T09:50:55","slug":"contacta","status":"publish","type":"page","link":"https:\/\/www.esimarshop.com\/ca\/contacta\/","title":{"rendered":"Contacta"},"content":{"rendered":"\t\t<div data-elementor-type=\"wp-page\" data-elementor-id=\"338\" class=\"elementor elementor-338 elementor-155\">\n\t\t\t\t\t\t<section class=\"elementor-section elementor-top-section elementor-element elementor-element-eec3f72 elementor-section-height-min-height elementor-section-content-middle elementor-section-boxed elementor-section-height-default elementor-section-items-middle\" data-id=\"eec3f72\" data-element_type=\"section\" data-settings=\"{&quot;background_background&quot;:&quot;classic&quot;}\">\n\t\t\t\t\t\t\t<div class=\"elementor-background-overlay\"><\/div>\n\t\t\t\t\t\t\t<div class=\"elementor-container elementor-column-gap-default\">\n\t\t\t\t\t<div class=\"elementor-column elementor-col-100 elementor-top-column elementor-element elementor-element-0d44bcb\" data-id=\"0d44bcb\" data-element_type=\"column\">\n\t\t\t<div class=\"elementor-widget-wrap elementor-element-populated\">\n\t\t\t\t\t\t<div class=\"elementor-element elementor-element-9e5eba1 elementor-widget elementor-widget-heading\" data-id=\"9e5eba1\" data-element_type=\"widget\" data-widget_type=\"heading.default\">\n\t\t\t\t<div class=\"elementor-widget-container\">\n\t\t\t\t\t<h1 class=\"elementor-heading-title elementor-size-default\">Contacta amb nosaltres<\/h1>\t\t\t\t<\/div>\n\t\t\t\t<\/div>\n\t\t\t\t\t<\/div>\n\t\t<\/div>\n\t\t\t\t\t<\/div>\n\t\t<\/section>\n\t\t\t\t<section class=\"elementor-section elementor-top-section elementor-element elementor-element-2d43e2f elementor-section-boxed elementor-section-height-default elementor-section-height-default\" data-id=\"2d43e2f\" data-element_type=\"section\">\n\t\t\t\t\t\t<div class=\"elementor-container elementor-column-gap-default\">\n\t\t\t\t\t<div class=\"elementor-column elementor-col-100 elementor-top-column elementor-element elementor-element-420a179\" data-id=\"420a179\" data-element_type=\"column\" data-settings=\"{&quot;background_background&quot;:&quot;classic&quot;}\">\n\t\t\t<div class=\"elementor-widget-wrap elementor-element-populated\">\n\t\t\t\t\t\t<div class=\"elementor-element elementor-element-844d200 elementor-widget elementor-widget-heading\" data-id=\"844d200\" data-element_type=\"widget\" data-widget_type=\"heading.default\">\n\t\t\t\t<div class=\"elementor-widget-container\">\n\t\t\t\t\t<h2 class=\"elementor-heading-title elementor-size-default\">Dubtes? Alguna consulta?<\/h2>\t\t\t\t<\/div>\n\t\t\t\t<\/div>\n\t\t\t\t<div class=\"elementor-element elementor-element-dc44da2 elementor-widget elementor-widget-text-editor\" data-id=\"dc44da2\" data-element_type=\"widget\" data-widget_type=\"text-editor.default\">\n\t\t\t\t<div class=\"elementor-widget-container\">\n\t\t\t\t\t\t\t\t\tSi necessites enviar-nos qualsevol missatge, utilitza el seg\u00fcent formulari. Et respondrem el m\u00e9s aviat possible!\t\t\t\t\t\t\t\t<\/div>\n\t\t\t\t<\/div>\n\t\t\t\t<div class=\"elementor-element elementor-element-99e4cda elementor-widget elementor-widget-wpforms\" data-id=\"99e4cda\" data-element_type=\"widget\" data-widget_type=\"wpforms.default\">\n\t\t\t\t<div class=\"elementor-widget-container\">\n\t\t\t\t\t<div class=\"wpforms-container wpforms-container-full contacta\" id=\"wpforms-1129\"><form id=\"wpforms-form-1129\" class=\"wpforms-validate wpforms-form wpforms-ajax-form\" data-formid=\"1129\" method=\"post\" enctype=\"multipart\/form-data\" action=\"\/ca\/wp-json\/wp\/v2\/pages\/338\" data-token=\"f35335d4edc3fe493ddd9b58b70def1d\" data-token-time=\"1776878246\"><noscript class=\"wpforms-error-noscript\">Activeu el JavaScript al navegador per a poder completar el formulari.<\/noscript><div class=\"wpforms-field-container\"><div id=\"wpforms-1129-field_0-container\" class=\"wpforms-field wpforms-field-name wpforms-one-half wpforms-first\" data-field-id=\"0\"><label class=\"wpforms-field-label\" for=\"wpforms-1129-field_0\">Nom <span class=\"wpforms-required-label\">*<\/span><\/label><input type=\"text\" id=\"wpforms-1129-field_0\" class=\"wpforms-field-large wpforms-field-required\" name=\"wpforms[fields][0]\" required><\/div><div id=\"wpforms-1129-field_3-container\" class=\"wpforms-field wpforms-field-number wpforms-one-half\" data-field-id=\"3\"><label class=\"wpforms-field-label\" for=\"wpforms-1129-field_3\">Tel\u00e8fon<\/label><input type=\"number\" id=\"wpforms-1129-field_3\" class=\"wpforms-field-large\" name=\"wpforms[fields][3]\" step=\"any\" ><\/div><div id=\"wpforms-1129-field_1-container\" class=\"wpforms-field wpforms-field-email wpforms-one-half wpforms-first\" data-field-id=\"1\"><label class=\"wpforms-field-label\" for=\"wpforms-1129-field_1\">Correu electr\u00f2nic <span class=\"wpforms-required-label\">*<\/span><\/label><input type=\"email\" id=\"wpforms-1129-field_1\" class=\"wpforms-field-large wpforms-field-required\" name=\"wpforms[fields][1]\" spellcheck=\"false\" required><\/div><div id=\"wpforms-1129-field_4-container\" class=\"wpforms-field wpforms-field-number wpforms-one-half\" data-field-id=\"4\"><label class=\"wpforms-field-label\" for=\"wpforms-1129-field_4\">N\u00ba comanda<\/label><input type=\"number\" id=\"wpforms-1129-field_4\" class=\"wpforms-field-large\" name=\"wpforms[fields][4]\" placeholder=\"N\u00famero de la comanda de la consulta\" step=\"any\" ><\/div><div id=\"wpforms-1129-field_2-container\" class=\"wpforms-field wpforms-field-textarea\" data-field-id=\"2\"><label class=\"wpforms-field-label\" for=\"wpforms-1129-field_2\">Missatge <span class=\"wpforms-required-label\">*<\/span><\/label><textarea id=\"wpforms-1129-field_2\" class=\"wpforms-field-medium wpforms-field-required\" name=\"wpforms[fields][2]\" required><\/textarea><\/div><div id=\"wpforms-1129-field_5-container\" class=\"wpforms-field wpforms-field-checkbox\" data-field-id=\"5\"><label class=\"wpforms-field-label wpforms-label-hide\">Casillas de verificaci\u00f3n <span class=\"wpforms-required-label\">*<\/span><\/label><ul id=\"wpforms-1129-field_5\" class=\"wpforms-field-required\"><li class=\"choice-1 depth-1\"><input type=\"checkbox\" id=\"wpforms-1129-field_5_1\" name=\"wpforms[fields][5][]\" value=\"Accepto la pol\u00edtica de privacitat\" required ><label class=\"wpforms-field-label-inline\" for=\"wpforms-1129-field_5_1\">Accepto la pol\u00edtica de privacitat <span class=\"wpforms-required-label\">*<\/span><\/label><\/li><\/ul><\/div><\/div><!-- .wpforms-field-container --><div class=\"wpforms-recaptcha-container wpforms-is-recaptcha wpforms-is-recaptcha-type-invisible\" ><div class=\"g-recaptcha\" data-sitekey=\"6LdPB80cAAAAAORGYdr61KPTyfjV-unxi3lWvGS2\" data-size=\"invisible\"><\/div><\/div><div class=\"wpforms-submit-container\" ><input type=\"hidden\" name=\"wpforms[id]\" value=\"1129\"><input type=\"hidden\" name=\"page_title\" value=\"\"><input type=\"hidden\" name=\"page_url\" value=\"https:\/\/www.esimarshop.com\/ca\/wp-json\/wp\/v2\/pages\/338\"><input type=\"hidden\" name=\"url_referer\" value=\"\"><button type=\"submit\" name=\"wpforms[submit]\" id=\"wpforms-submit-1129\" class=\"wpforms-submit boton-envio\" data-alt-text=\"Enviant...\" data-submit-text=\"Enviar\" aria-live=\"assertive\" value=\"wpforms-submit\">Enviar<\/button><img decoding=\"async\" src=\"https:\/\/www.esimarshop.com\/wp-content\/plugins\/wpforms-lite\/assets\/images\/submit-spin.svg\" class=\"wpforms-submit-spinner\" style=\"display: none;\" width=\"26\" height=\"26\" alt=\"S&#039;est\u00e0 carregant\"><\/div><\/form><\/div>  <!-- .wpforms-container -->\t\t\t\t<\/div>\n\t\t\t\t<\/div>\n\t\t\t\t\t<\/div>\n\t\t<\/div>\n\t\t\t\t\t<\/div>\n\t\t<\/section>\n\t\t\t\t<section class=\"elementor-section elementor-top-section elementor-element elementor-element-cb69034 elementor-section-boxed elementor-section-height-default elementor-section-height-default\" data-id=\"cb69034\" data-element_type=\"section\">\n\t\t\t\t\t\t<div class=\"elementor-container elementor-column-gap-default\">\n\t\t\t\t\t<div class=\"elementor-column elementor-col-100 elementor-top-column elementor-element elementor-element-a6d38b6\" data-id=\"a6d38b6\" data-element_type=\"column\">\n\t\t\t<div class=\"elementor-widget-wrap elementor-element-populated\">\n\t\t\t\t\t\t<div class=\"elementor-element elementor-element-7b4ae15 elementor-widget elementor-widget-text-editor\" data-id=\"7b4ae15\" data-element_type=\"widget\" data-widget_type=\"text-editor.default\">\n\t\t\t\t<div class=\"elementor-widget-container\">\n\t\t\t\t\t\t\t\t\t<span class=\"customFormCaption\">De conformitat amb el que estableix la normativa vigent en Protecci\u00f3 de Dades de Car\u00e0cter Personal, l&#8217;informem que les seves dades seran incorporades a sistema de tractament titularitat d&#8217;EMPRESA DE SERVICIOS DE PROMOCION Y PUBLICIDAD EMEDE SL amb CIF B58624180 i domicili social situat a CL NICARAGUA 78-82 BAIXOS, LOCAL 1 08029, BARCELONA (ESPANYA), amb la finalitat d&#8217;atendre les seves consultes i remetre-li informaci\u00f3 relacionada que pugui ser del seu inter\u00e8s. En compliment amb la normativa vigent, EMPRESA DE SERVICIOS DE PROMOCION Y PUBLICIDAD EMEDE SL informa que les dades seran conservades durant el termini estrictament necessari per complir amb els preceptes esmentats anteriorment. Mentre no ens comuniqui el contrari, entendrem que les seves dades no han estat modificades, que vost\u00e8 es compromet a notificar-nos qualsevol variaci\u00f3 i que tenim el seu consentiment per utilitzar-los per les finalitats esmentades. EMPRESA DE SERVICIOS DE PROMOCION Y PUBLICIDAD EMEDE SL informa que procedir\u00e0 a tractar les dades de manera l\u00edcita, lleial, transparent, adequada, pertinent, limitada, exacta i actualitzada. \u00c9s per aix\u00f2 que EMPRESA DE SERVICIOS DE PROMOCION Y PUBLICIDAD EMEDE SL es compromet a adoptar totes les mesures raonables perqu\u00e8 aquests es suprimeixin o rectifiquin sense dilaci\u00f3 quan siguin inexactes. D&#8217;acord amb els drets que li confereix l&#8217;la normativa vigent en protecci\u00f3 de dades podr\u00e0 exercir els drets d&#8217;acc\u00e9s, rectificaci\u00f3, limitaci\u00f3 de tractament, supressi\u00f3, portabilitat i oposici\u00f3 a el tractament de les seves dades de car\u00e0cter personal aix\u00ed com de l&#8217;consentiment prestat per al tractament dels mateixos, dirigint la seva petici\u00f3 a l&#8217;adre\u00e7a postal indicada m\u00e9s amunt o a l&#8217;correu electr\u00f2nic administracion@emede.com. Al seu torn, l&#8217;informem que pot contactar amb el Delegat de Protecci\u00f3 de Dades de EMPRESA DE SERVICIOS DE PROMOCION Y PUBLICIDAD EMEDE SL, dirigint-se per escrit a l&#8217;adre\u00e7a de correu dpo.cliente@conversia.es o a el tel\u00e8fon 902.877.192. Podr\u00e0 dirigir-se a l&#8217;Autoritat de Control competent per a presentar la reclamaci\u00f3 que consideri oportuna. Amb enviament de el formulari de recollida de dades vost\u00e8 accepta la pol\u00edtica de privacitat d&#8217;EMPRESA DE SERVICIOS DE PROMOCION Y PUBLICIDAD EMEDE SL.<\/span>\t\t\t\t\t\t\t\t<\/div>\n\t\t\t\t<\/div>\n\t\t\t\t\t<\/div>\n\t\t<\/div>\n\t\t\t\t\t<\/div>\n\t\t<\/section>\n\t\t\t\t<\/div>\n\t\t","protected":false},"excerpt":{"rendered":"<p>Contacta amb nosaltres Dubtes? Alguna consulta? Si necessites enviar-nos qualsevol missatge, utilitza el seg\u00fcent formulari. Et respondrem el m\u00e9s aviat possible!De conformitat amb el que estableix la normativa vigent en Protecci\u00f3 de Dades de Car\u00e0cter Personal, l&#8217;informem que les seves dades seran incorporades a sistema de tractament titularitat d&#8217;EMPRESA DE SERVICIOS DE PROMOCION Y PUBLICIDAD [&hellip;]<\/p>\n","protected":false},"author":1,"featured_media":0,"parent":0,"menu_order":0,"comment_status":"closed","ping_status":"closed","template":"elementor_header_footer","meta":{"_acf_changed":false,"ocean_post_layout":"","ocean_both_sidebars_style":"","ocean_both_sidebars_content_width":0,"ocean_both_sidebars_sidebars_width":0,"ocean_sidebar":"0","ocean_second_sidebar":"0","ocean_disable_margins":"enable","ocean_add_body_class":"","ocean_shortcode_before_top_bar":"","ocean_shortcode_after_top_bar":"","ocean_shortcode_before_header":"","ocean_shortcode_after_header":"","ocean_has_shortcode":"","ocean_shortcode_after_title":"","ocean_shortcode_before_footer_widgets":"","ocean_shortcode_after_footer_widgets":"","ocean_shortcode_before_footer_bottom":"","ocean_shortcode_after_footer_bottom":"","ocean_display_top_bar":"default","ocean_display_header":"default","ocean_header_style":"","ocean_center_header_left_menu":"0","ocean_custom_header_template":"0","ocean_custom_logo":0,"ocean_custom_retina_logo":0,"ocean_custom_logo_max_width":0,"ocean_custom_logo_tablet_max_width":0,"ocean_custom_logo_mobile_max_width":0,"ocean_custom_logo_max_height":0,"ocean_custom_logo_tablet_max_height":0,"ocean_custom_logo_mobile_max_height":0,"ocean_header_custom_menu":"0","ocean_menu_typo_font_family":"0","ocean_menu_typo_font_subset":"","ocean_menu_typo_font_size":0,"ocean_menu_typo_font_size_tablet":0,"ocean_menu_typo_font_size_mobile":0,"ocean_menu_typo_font_size_unit":"px","ocean_menu_typo_font_weight":"","ocean_menu_typo_font_weight_tablet":"","ocean_menu_typo_font_weight_mobile":"","ocean_menu_typo_transform":"","ocean_menu_typo_transform_tablet":"","ocean_menu_typo_transform_mobile":"","ocean_menu_typo_line_height":0,"ocean_menu_typo_line_height_tablet":0,"ocean_menu_typo_line_height_mobile":0,"ocean_menu_typo_line_height_unit":"","ocean_menu_typo_spacing":0,"ocean_menu_typo_spacing_tablet":0,"ocean_menu_typo_spacing_mobile":0,"ocean_menu_typo_spacing_unit":"","ocean_menu_link_color":"","ocean_menu_link_color_hover":"","ocean_menu_link_color_active":"","ocean_menu_link_background":"","ocean_menu_link_hover_background":"","ocean_menu_link_active_background":"","ocean_menu_social_links_bg":"","ocean_menu_social_hover_links_bg":"","ocean_menu_social_links_color":"","ocean_menu_social_hover_links_color":"","ocean_disable_title":"default","ocean_disable_heading":"default","ocean_post_title":"","ocean_post_subheading":"","ocean_post_title_style":"","ocean_post_title_background_color":"","ocean_post_title_background":0,"ocean_post_title_bg_image_position":"","ocean_post_title_bg_image_attachment":"","ocean_post_title_bg_image_repeat":"","ocean_post_title_bg_image_size":"","ocean_post_title_height":0,"ocean_post_title_bg_overlay":0.5,"ocean_post_title_bg_overlay_color":"","ocean_disable_breadcrumbs":"default","ocean_breadcrumbs_color":"","ocean_breadcrumbs_separator_color":"","ocean_breadcrumbs_links_color":"","ocean_breadcrumbs_links_hover_color":"","ocean_display_footer_widgets":"default","ocean_display_footer_bottom":"default","ocean_custom_footer_template":"0","footnotes":""},"class_list":["post-338","page","type-page","status-publish","hentry","entry","owp-thumbs-layout-horizontal","owp-btn-big","owp-tabs-layout-vertical","has-no-thumbnails","has-product-nav","circle-sale"],"acf":[],"yoast_head":"<!-- This site is optimized with the Yoast SEO plugin v26.3 - https:\/\/yoast.com\/wordpress\/plugins\/seo\/ -->\n<title>Contacta - ESIMar shop<\/title>\n<meta name=\"robots\" content=\"index, follow, max-snippet:-1, max-image-preview:large, max-video-preview:-1\" \/>\n<link rel=\"canonical\" href=\"https:\/\/www.esimarshop.com\/contacta\/\" \/>\n<meta property=\"og:locale\" content=\"ca_ES\" \/>\n<meta property=\"og:type\" content=\"article\" \/>\n<meta property=\"og:title\" content=\"Contacta - ESIMar shop\" \/>\n<meta property=\"og:description\" content=\"Contacta amb nosaltres Dubtes? Alguna consulta? Si necessites enviar-nos qualsevol missatge, utilitza el seg\u00fcent formulari. Et respondrem el m\u00e9s aviat possible!De conformitat amb el que estableix la normativa vigent en Protecci\u00f3 de Dades de Car\u00e0cter Personal, l&#8217;informem que les seves dades seran incorporades a sistema de tractament titularitat d&#8217;EMPRESA DE SERVICIOS DE PROMOCION Y PUBLICIDAD [&hellip;]\" \/>\n<meta property=\"og:url\" content=\"https:\/\/www.esimarshop.com\/contacta\/\" \/>\n<meta property=\"og:site_name\" content=\"ESIMar shop\" \/>\n<meta property=\"article:modified_time\" content=\"2023-06-23T09:50:55+00:00\" \/>\n<meta name=\"twitter:card\" content=\"summary_large_image\" \/>\n<meta name=\"twitter:label1\" content=\"Temps estimat de lectura\" \/>\n\t<meta name=\"twitter:data1\" content=\"2 minuts\" \/>\n<script type=\"application\/ld+json\" class=\"yoast-schema-graph\">{\"@context\":\"https:\/\/schema.org\",\"@graph\":[{\"@type\":\"WebPage\",\"@id\":\"https:\/\/www.esimarshop.com\/contacta\/\",\"url\":\"https:\/\/www.esimarshop.com\/contacta\/\",\"name\":\"Contacta - ESIMar shop\",\"isPartOf\":{\"@id\":\"https:\/\/www.esimarshop.com\/#website\"},\"datePublished\":\"2021-06-23T09:08:37+00:00\",\"dateModified\":\"2023-06-23T09:50:55+00:00\",\"breadcrumb\":{\"@id\":\"https:\/\/www.esimarshop.com\/contacta\/#breadcrumb\"},\"inLanguage\":\"ca\",\"potentialAction\":[{\"@type\":\"ReadAction\",\"target\":[\"https:\/\/www.esimarshop.com\/contacta\/\"]}]},{\"@type\":\"BreadcrumbList\",\"@id\":\"https:\/\/www.esimarshop.com\/contacta\/#breadcrumb\",\"itemListElement\":[{\"@type\":\"ListItem\",\"position\":1,\"name\":\"Portada\",\"item\":\"https:\/\/www.esimarshop.com\/\"},{\"@type\":\"ListItem\",\"position\":2,\"name\":\"Contacta\"}]},{\"@type\":\"WebSite\",\"@id\":\"https:\/\/www.esimarshop.com\/#website\",\"url\":\"https:\/\/www.esimarshop.com\/\",\"name\":\"ESIMar shop\",\"description\":\"botiga online de material per a estudiant\",\"publisher\":{\"@id\":\"https:\/\/www.esimarshop.com\/#organization\"},\"potentialAction\":[{\"@type\":\"SearchAction\",\"target\":{\"@type\":\"EntryPoint\",\"urlTemplate\":\"https:\/\/www.esimarshop.com\/?s={search_term_string}\"},\"query-input\":{\"@type\":\"PropertyValueSpecification\",\"valueRequired\":true,\"valueName\":\"search_term_string\"}}],\"inLanguage\":\"ca\"},{\"@type\":\"Organization\",\"@id\":\"https:\/\/www.esimarshop.com\/#organization\",\"name\":\"ESIMar shop\",\"url\":\"https:\/\/www.esimarshop.com\/\",\"logo\":{\"@type\":\"ImageObject\",\"inLanguage\":\"ca\",\"@id\":\"https:\/\/www.esimarshop.com\/#\/schema\/logo\/image\/\",\"url\":\"https:\/\/www.esimarshop.com\/wp-content\/uploads\/2023\/07\/cropped-logo-esimar-shop-e1689234447314-1.png\",\"contentUrl\":\"https:\/\/www.esimarshop.com\/wp-content\/uploads\/2023\/07\/cropped-logo-esimar-shop-e1689234447314-1.png\",\"width\":1397,\"height\":301,\"caption\":\"ESIMar shop\"},\"image\":{\"@id\":\"https:\/\/www.esimarshop.com\/#\/schema\/logo\/image\/\"}}]}<\/script>\n<!-- \/ Yoast SEO plugin. -->","yoast_head_json":{"title":"Contacta - ESIMar shop","robots":{"index":"index","follow":"follow","max-snippet":"max-snippet:-1","max-image-preview":"max-image-preview:large","max-video-preview":"max-video-preview:-1"},"canonical":"https:\/\/www.esimarshop.com\/contacta\/","og_locale":"ca_ES","og_type":"article","og_title":"Contacta - ESIMar shop","og_description":"Contacta amb nosaltres Dubtes? Alguna consulta? Si necessites enviar-nos qualsevol missatge, utilitza el seg\u00fcent formulari. Et respondrem el m\u00e9s aviat possible!De conformitat amb el que estableix la normativa vigent en Protecci\u00f3 de Dades de Car\u00e0cter Personal, l&#8217;informem que les seves dades seran incorporades a sistema de tractament titularitat d&#8217;EMPRESA DE SERVICIOS DE PROMOCION Y PUBLICIDAD [&hellip;]","og_url":"https:\/\/www.esimarshop.com\/contacta\/","og_site_name":"ESIMar shop","article_modified_time":"2023-06-23T09:50:55+00:00","twitter_card":"summary_large_image","twitter_misc":{"Temps estimat de lectura":"2 minuts"},"schema":{"@context":"https:\/\/schema.org","@graph":[{"@type":"WebPage","@id":"https:\/\/www.esimarshop.com\/contacta\/","url":"https:\/\/www.esimarshop.com\/contacta\/","name":"Contacta - ESIMar shop","isPartOf":{"@id":"https:\/\/www.esimarshop.com\/#website"},"datePublished":"2021-06-23T09:08:37+00:00","dateModified":"2023-06-23T09:50:55+00:00","breadcrumb":{"@id":"https:\/\/www.esimarshop.com\/contacta\/#breadcrumb"},"inLanguage":"ca","potentialAction":[{"@type":"ReadAction","target":["https:\/\/www.esimarshop.com\/contacta\/"]}]},{"@type":"BreadcrumbList","@id":"https:\/\/www.esimarshop.com\/contacta\/#breadcrumb","itemListElement":[{"@type":"ListItem","position":1,"name":"Portada","item":"https:\/\/www.esimarshop.com\/"},{"@type":"ListItem","position":2,"name":"Contacta"}]},{"@type":"WebSite","@id":"https:\/\/www.esimarshop.com\/#website","url":"https:\/\/www.esimarshop.com\/","name":"ESIMar shop","description":"botiga online de material per a estudiant","publisher":{"@id":"https:\/\/www.esimarshop.com\/#organization"},"potentialAction":[{"@type":"SearchAction","target":{"@type":"EntryPoint","urlTemplate":"https:\/\/www.esimarshop.com\/?s={search_term_string}"},"query-input":{"@type":"PropertyValueSpecification","valueRequired":true,"valueName":"search_term_string"}}],"inLanguage":"ca"},{"@type":"Organization","@id":"https:\/\/www.esimarshop.com\/#organization","name":"ESIMar shop","url":"https:\/\/www.esimarshop.com\/","logo":{"@type":"ImageObject","inLanguage":"ca","@id":"https:\/\/www.esimarshop.com\/#\/schema\/logo\/image\/","url":"https:\/\/www.esimarshop.com\/wp-content\/uploads\/2023\/07\/cropped-logo-esimar-shop-e1689234447314-1.png","contentUrl":"https:\/\/www.esimarshop.com\/wp-content\/uploads\/2023\/07\/cropped-logo-esimar-shop-e1689234447314-1.png","width":1397,"height":301,"caption":"ESIMar shop"},"image":{"@id":"https:\/\/www.esimarshop.com\/#\/schema\/logo\/image\/"}}]}},"_links":{"self":[{"href":"https:\/\/www.esimarshop.com\/ca\/wp-json\/wp\/v2\/pages\/338","targetHints":{"allow":["GET"]}}],"collection":[{"href":"https:\/\/www.esimarshop.com\/ca\/wp-json\/wp\/v2\/pages"}],"about":[{"href":"https:\/\/www.esimarshop.com\/ca\/wp-json\/wp\/v2\/types\/page"}],"author":[{"embeddable":true,"href":"https:\/\/www.esimarshop.com\/ca\/wp-json\/wp\/v2\/users\/1"}],"replies":[{"embeddable":true,"href":"https:\/\/www.esimarshop.com\/ca\/wp-json\/wp\/v2\/comments?post=338"}],"version-history":[{"count":10,"href":"https:\/\/www.esimarshop.com\/ca\/wp-json\/wp\/v2\/pages\/338\/revisions"}],"predecessor-version":[{"id":1138,"href":"https:\/\/www.esimarshop.com\/ca\/wp-json\/wp\/v2\/pages\/338\/revisions\/1138"}],"wp:attachment":[{"href":"https:\/\/www.esimarshop.com\/ca\/wp-json\/wp\/v2\/media?parent=338"}],"curies":[{"name":"wp","href":"https:\/\/api.w.org\/{rel}","templated":true}]}}