{"id":369,"date":"2021-06-28T10:22:38","date_gmt":"2021-06-28T10:22:38","guid":{"rendered":"https:\/\/www.esimarshop.com\/politica-de-privacitat\/"},"modified":"2021-06-28T10:22:46","modified_gmt":"2021-06-28T10:22:46","slug":"politica-de-privacitat","status":"publish","type":"page","link":"https:\/\/www.esimarshop.com\/ca\/politica-de-privacitat\/","title":{"rendered":"Politica de privacitat"},"content":{"rendered":"\n<h2 class=\"wp-block-heading\">Politica de privacitat<\/h2>\n\n<p><strong>PRIVACITAT<\/strong><\/p>\n\n<p>1. A <strong>ESIMar Shop<\/strong> enspreocupa en especial la seguretat i confidencialitat de les dades aportades pels nostres clients. <\/p>\n\n<p>2. Al moment en qu\u00e8 un client es registra al servidor segur d&#8217;ESIMar Shop o realitza una comanda, les seves dades personals i les relatives a la forma de pagament s&#8217;incorporen a la base de dades ESIMar Shop i s&#8217;utilitzen \u00fanicament per tramitar la comanda .<\/p>\n\n<p>3. ESIMar Shop assegura la confidencialitat de les dades aportades pels clients i garanteix que en cap cas seran cedides a altres empreses.<\/p>\n\n<p><strong>LLEI DE PROTECCI\u00d3 DE DADES: LOPD <\/strong><\/p>\n\n<p>1 En compliment del que estableixen la Llei org\u00e0nica 15\/1999, de 13 de desembre, sobre protecci\u00f3 de dades de car\u00e0cter personal i el Reial decret que aprova el reglament de desplegament de la llei, l&#8217;informem que les dades personals recollides per mitj\u00e0 d&#8217;aquest formulari es tractaran i s&#8217;incorporaran a el fitxer de Emede, anomenat ESIMar Shop, que ser\u00e0 gestionat per Emede per dur a terme la gesti\u00f3 correcta de el servei. Aix\u00ed mateix, l&#8217;informem de que el client pot exercir els drets d&#8217;acc\u00e9s, rectificaci\u00f3, cancel\u00b7laci\u00f3 i oposici\u00f3 dirigint-se a info@emede.com<\/p>\n\n<p>2. Per aix\u00f2, una de les principals preocupacions dels usuaris d&#8217;Internet \u00e9s la seguretat de les dades a la xarxa. Per <em>transacci\u00f3 de comer\u00e7 electr\u00f2nic<\/em> s&#8217;ent\u00e9n el proc\u00e9s de realitzaci\u00f3 d&#8217;un acord comercial que inclou el contacte entre les dues parts: client i empresa. <\/p>\n\n<p>3. Els aspectes que ha de reunir tota transacci\u00f3 comercial s\u00f3n: <\/p>\n\n<p>L&#8217;autenticaci\u00f3, que garanteix la personalitat jur\u00eddica o f\u00edsica amb qu\u00e8 ens comuniquem.<\/p>\n\n<p>La integritat, \u00e9s a dir, el fet que el contingut de la comunicaci\u00f3 entre les dues parts no pugui ser modificat.<\/p>\n\n<p>La confidencialitat, que consisteix a garantir que cap persona no autoritzada pugui con\u00e8ixer el contingut de la comunicaci\u00f3 originada per la transacci\u00f3. <\/p>\n\n<p><strong>PROC\u00c9S DE COMPRA A ESIMAR SHOP<\/strong><\/p>\n\n<p>A continuaci\u00f3 es descriuen els processos que intervenen en la compra a trav\u00e9s del servidor de ESIMar Shop: <\/p>\n\n<p><strong>1. Registre de clients <\/strong><\/p>\n\n<p>El client es registra omplint un formulari amb les seves dades personals i donant-se d&#8217;alta en el sistema amb un nom d&#8217;usuari i una contrasenya decidida per ell mateix.<\/p>\n\n<p>Aquest proc\u00e9s implica l&#8217;enviament de les dades, que es realitza de forma segura mitjan\u00e7ant l&#8217;\u00fas d&#8217;un sistema avan\u00e7at de seguretat SSL (<em>secure socket layer<\/em>).<\/p>\n\n<p>La majoria dels navegadors accepten el SSL, per\u00f2 davant de qualsevol dubte adreceu-vos al seu prove\u00efdor d&#8217;acc\u00e9s a Internet.<\/p>\n\n<p>A l&#8217;realitzar una transacci\u00f3 que impliqui intercanvi d&#8217;informaci\u00f3 confidencial, s&#8217;accedeix autom\u00e0ticament a la zona segura de servidor i s&#8217;indica aquesta circumst\u00e0ncia mitjan\u00e7ant la visualitzaci\u00f3 d&#8217;una URL de l&#8217;tipus <strong>https:\/\/www.esimarshop.com<\/strong> en el navegador amb una icona en forma de cadenat tancat.<\/p>\n\n<p><strong>2. Cistella de la compra <\/strong><\/p>\n\n<p>El client navega per ESIMar Shop incorporant al cistell de la compra aquells articles que vol comprar.<\/p>\n\n<p>Les <em>cookies<\/em>s\u00f3n petits fragments d&#8217;informaci\u00f3 que ESIMar Shop necessita per con\u00e8ixer els interessos dels seus clients i que no contenen cap tipus d&#8217;informaci\u00f3 personal.<\/p>\n\n<p>La majoria dels navegadors accepten autom\u00e0ticament les <em>cookies<\/em>, per\u00f2 tamb\u00e9 \u00e9s possible configurar-los per que no les acceptin.<\/p>\n\n<p>En aquest cas el client podr\u00e0 navegar per ESIMar Shop, per\u00f2 potser no tingui acc\u00e9s a algunes funcions de la nostra botiga.<\/p>\n\n<p><strong>3. Tramitaci\u00f3 de la comanda<\/strong><\/p>\n\n<p>Un cop finalitzat el proc\u00e9s de selecci\u00f3 d&#8217;articles, es passa a l&#8217;apartat de confirmaci\u00f3 de la comanda, en el qual se sol\u00b7licita a el client que s&#8217;identifiqui, si s&#8217;ha registrat anteriorment, o en cas contrari se li demana que es registri.<\/p>\n\n<p>Quan el client est\u00e0 registrat, les seves dades personals s&#8217;allotgen en el nostre servidor segur de ESIMar Shop gestionat per Emede S.L. i no viatgen per la xarxa.<\/p>\n\n<p>Aquesta fase es realitza de forma totalment segura a l&#8217;estar integrada dins del servidor segur d&#8217;ESIMar Shop gestionat per Emede S. L. <\/p>\n\n<p><strong>RECOMANACIONS I PRECAUCIONS<\/strong><\/p>\n\n<p>Aquestes s\u00f3n algunes de les precaucions que aconsellem als usuaris de ESIMar Shop:<\/p>\n\n<p>1. No facilitar a ning\u00fa el nom d&#8217;usuari ni la contrasenya.<\/p>\n\n<p>2. No apuntar aquesta informaci\u00f3 en llocs de f\u00e0cil acc\u00e9s: ordinador, agenda &#8230;<\/p>\n\n<p>2. No apuntar questa informaci\u00f3 a llocs de f\u00e0cil acc\u00e9s: ordinador, agenda &#8230;<\/p>\n\n<p>4. Desconnectar sempre la sessi\u00f3 de el navegador despr\u00e9s d&#8217;haver accedit a una zona de seguretat o d&#8217;haver introdu\u00eft al sistema el nom d&#8217;usuari o contrasenya.<\/p>\n\n<p><strong>DADES DEL CLIENT<\/strong><\/p>\n\n<p><strong>Registre, modificaci\u00f3, pol\u00edtica de seguretat i confidencialitat.<\/strong><\/p>\n\n<p>1. Per realitzar les compres en ESIMar Shop o accedir a determinats serveis, haur\u00e0 de registrar les seves dades personals i triar una contrasenya que li permetr\u00e0 accedir a totes aquelles zones que requereixin una identificaci\u00f3 pr\u00e8via.<\/p>\n\n<p>2. Aix\u00f2 evitar\u00e0 que, d&#8217;ara endavant, hagi de tornar a emplenar aquestes dades. <\/p>\n\n<p>3. Al moment en que vost\u00e8 es registra al servidor segur de ESIMar Shop o realitza una comanda, les seves dades personals s&#8217;incorporen a la base de dades ESIMar Shop i s&#8217;utilitzen \u00fanicament per tramitar la comanda.<\/p>\n\n<p>4. En qualsevol moment podr\u00e0 modificar les dades del seu registre de client (canvi de domicili, tel\u00e8fon&#8230;) o sol\u00b7licitar-nos que li recordem la seva contrasenya. <\/p>\n\n<p>5. D&#8217;acord amb la garantia de seguretat i confidencialitat de ESIMar Shop, en ESIMar Shop estem especialment interessats en oferir als nostres clients el m\u00e9s alt nivell de seguretat i protegir la confidencialitat de les dades que ens aporten.<\/p>\n\n<p>6. Per aix\u00f2, les transaccions comercials es realitzen en un entorn de servidor segur sota un protocol SSL (<em>secure socket layer<\/em>) i totes les comunicacions es transmeten encriptades sota un xifrat de 128 bits, que assegura el major nivell de protecci\u00f3 en les comunicacions. <\/p>\n\n<p>7. Si en algun moment t\u00e9 problemes per accedir a alguna part del web ESIMar Shop, pot ser degut a el model o versi\u00f3 del seu navegador o a la configuraci\u00f3 de les seves opcions. <\/p>\n\n<p>En compliment del que disposa la Llei org\u00e0nica 15\/1999, de 13 de desembre, de protecci\u00f3 de dades de car\u00e0cter personal, com a client de ESIMar Shop podr\u00e0 en tot moment exercir els drets d&#8217;acc\u00e9s, rectificaci\u00f3, cancel\u00b7laci\u00f3 i oposici\u00f3, comunicant-ho a trav\u00e9s de el formulari de contacte. <\/p>\n","protected":false},"excerpt":{"rendered":"<p>Politica de privacitat PRIVACITAT 1. A ESIMar Shop enspreocupa en especial la seguretat i confidencialitat de les dades aportades pels nostres clients. 2. Al moment en qu\u00e8 un client es registra al servidor segur d&#8217;ESIMar Shop o realitza una comanda, les seves dades personals i les relatives a la forma de pagament s&#8217;incorporen a la [&hellip;]<\/p>\n","protected":false},"author":1,"featured_media":0,"parent":0,"menu_order":0,"comment_status":"closed","ping_status":"open","template":"","meta":{"_acf_changed":false,"ocean_post_layout":"","ocean_both_sidebars_style":"","ocean_both_sidebars_content_width":0,"ocean_both_sidebars_sidebars_width":0,"ocean_sidebar":"0","ocean_second_sidebar":"0","ocean_disable_margins":"enable","ocean_add_body_class":"","ocean_shortcode_before_top_bar":"","ocean_shortcode_after_top_bar":"","ocean_shortcode_before_header":"","ocean_shortcode_after_header":"","ocean_has_shortcode":"","ocean_shortcode_after_title":"","ocean_shortcode_before_footer_widgets":"","ocean_shortcode_after_footer_widgets":"","ocean_shortcode_before_footer_bottom":"","ocean_shortcode_after_footer_bottom":"","ocean_display_top_bar":"default","ocean_display_header":"default","ocean_header_style":"","ocean_center_header_left_menu":"0","ocean_custom_header_template":"0","ocean_custom_logo":0,"ocean_custom_retina_logo":0,"ocean_custom_logo_max_width":0,"ocean_custom_logo_tablet_max_width":0,"ocean_custom_logo_mobile_max_width":0,"ocean_custom_logo_max_height":0,"ocean_custom_logo_tablet_max_height":0,"ocean_custom_logo_mobile_max_height":0,"ocean_header_custom_menu":"0","ocean_menu_typo_font_family":"0","ocean_menu_typo_font_subset":"","ocean_menu_typo_font_size":0,"ocean_menu_typo_font_size_tablet":0,"ocean_menu_typo_font_size_mobile":0,"ocean_menu_typo_font_size_unit":"px","ocean_menu_typo_font_weight":"","ocean_menu_typo_font_weight_tablet":"","ocean_menu_typo_font_weight_mobile":"","ocean_menu_typo_transform":"","ocean_menu_typo_transform_tablet":"","ocean_menu_typo_transform_mobile":"","ocean_menu_typo_line_height":0,"ocean_menu_typo_line_height_tablet":0,"ocean_menu_typo_line_height_mobile":0,"ocean_menu_typo_line_height_unit":"","ocean_menu_typo_spacing":0,"ocean_menu_typo_spacing_tablet":0,"ocean_menu_typo_spacing_mobile":0,"ocean_menu_typo_spacing_unit":"","ocean_menu_link_color":"","ocean_menu_link_color_hover":"","ocean_menu_link_color_active":"","ocean_menu_link_background":"","ocean_menu_link_hover_background":"","ocean_menu_link_active_background":"","ocean_menu_social_links_bg":"","ocean_menu_social_hover_links_bg":"","ocean_menu_social_links_color":"","ocean_menu_social_hover_links_color":"","ocean_disable_title":"default","ocean_disable_heading":"default","ocean_post_title":"","ocean_post_subheading":"","ocean_post_title_style":"","ocean_post_title_background_color":"","ocean_post_title_background":0,"ocean_post_title_bg_image_position":"","ocean_post_title_bg_image_attachment":"","ocean_post_title_bg_image_repeat":"","ocean_post_title_bg_image_size":"","ocean_post_title_height":0,"ocean_post_title_bg_overlay":0.5,"ocean_post_title_bg_overlay_color":"","ocean_disable_breadcrumbs":"default","ocean_breadcrumbs_color":"","ocean_breadcrumbs_separator_color":"","ocean_breadcrumbs_links_color":"","ocean_breadcrumbs_links_hover_color":"","ocean_display_footer_widgets":"default","ocean_display_footer_bottom":"default","ocean_custom_footer_template":"0","footnotes":""},"class_list":["post-369","page","type-page","status-publish","hentry","entry","owp-thumbs-layout-horizontal","owp-btn-big","owp-tabs-layout-vertical","has-no-thumbnails","has-product-nav","circle-sale"],"acf":[],"yoast_head":"<!-- This site is optimized with the Yoast SEO plugin v26.3 - https:\/\/yoast.com\/wordpress\/plugins\/seo\/ -->\n<title>Politica de privacitat - ESIMar shop<\/title>\n<meta name=\"robots\" content=\"index, follow, max-snippet:-1, max-image-preview:large, max-video-preview:-1\" \/>\n<link rel=\"canonical\" href=\"https:\/\/www.esimarshop.com\/politica-privacidad\/\" \/>\n<meta property=\"og:locale\" content=\"ca_ES\" \/>\n<meta property=\"og:type\" content=\"article\" \/>\n<meta property=\"og:title\" content=\"Politica de privacitat - ESIMar shop\" \/>\n<meta property=\"og:description\" content=\"Politica de privacitat PRIVACITAT 1. A ESIMar Shop enspreocupa en especial la seguretat i confidencialitat de les dades aportades pels nostres clients. 2. Al moment en qu\u00e8 un client es registra al servidor segur d&#8217;ESIMar Shop o realitza una comanda, les seves dades personals i les relatives a la forma de pagament s&#8217;incorporen a la [&hellip;]\" \/>\n<meta property=\"og:url\" content=\"https:\/\/www.esimarshop.com\/politica-privacidad\/\" \/>\n<meta property=\"og:site_name\" content=\"ESIMar shop\" \/>\n<meta property=\"article:modified_time\" content=\"2021-06-28T10:22:46+00:00\" \/>\n<meta name=\"twitter:card\" content=\"summary_large_image\" \/>\n<meta name=\"twitter:label1\" content=\"Temps estimat de lectura\" \/>\n\t<meta name=\"twitter:data1\" content=\"5 minuts\" \/>\n<script type=\"application\/ld+json\" class=\"yoast-schema-graph\">{\"@context\":\"https:\/\/schema.org\",\"@graph\":[{\"@type\":\"WebPage\",\"@id\":\"https:\/\/www.esimarshop.com\/politica-privacidad\/\",\"url\":\"https:\/\/www.esimarshop.com\/politica-privacidad\/\",\"name\":\"Politica de privacitat - ESIMar shop\",\"isPartOf\":{\"@id\":\"https:\/\/www.esimarshop.com\/#website\"},\"datePublished\":\"2021-06-28T10:22:38+00:00\",\"dateModified\":\"2021-06-28T10:22:46+00:00\",\"breadcrumb\":{\"@id\":\"https:\/\/www.esimarshop.com\/politica-privacidad\/#breadcrumb\"},\"inLanguage\":\"ca\",\"potentialAction\":[{\"@type\":\"ReadAction\",\"target\":[\"https:\/\/www.esimarshop.com\/politica-privacidad\/\"]}]},{\"@type\":\"BreadcrumbList\",\"@id\":\"https:\/\/www.esimarshop.com\/politica-privacidad\/#breadcrumb\",\"itemListElement\":[{\"@type\":\"ListItem\",\"position\":1,\"name\":\"Portada\",\"item\":\"https:\/\/www.esimarshop.com\/\"},{\"@type\":\"ListItem\",\"position\":2,\"name\":\"Politica de privacitat\"}]},{\"@type\":\"WebSite\",\"@id\":\"https:\/\/www.esimarshop.com\/#website\",\"url\":\"https:\/\/www.esimarshop.com\/\",\"name\":\"ESIMar shop\",\"description\":\"botiga online de material per a estudiant\",\"publisher\":{\"@id\":\"https:\/\/www.esimarshop.com\/#organization\"},\"potentialAction\":[{\"@type\":\"SearchAction\",\"target\":{\"@type\":\"EntryPoint\",\"urlTemplate\":\"https:\/\/www.esimarshop.com\/?s={search_term_string}\"},\"query-input\":{\"@type\":\"PropertyValueSpecification\",\"valueRequired\":true,\"valueName\":\"search_term_string\"}}],\"inLanguage\":\"ca\"},{\"@type\":\"Organization\",\"@id\":\"https:\/\/www.esimarshop.com\/#organization\",\"name\":\"ESIMar shop\",\"url\":\"https:\/\/www.esimarshop.com\/\",\"logo\":{\"@type\":\"ImageObject\",\"inLanguage\":\"ca\",\"@id\":\"https:\/\/www.esimarshop.com\/#\/schema\/logo\/image\/\",\"url\":\"https:\/\/www.esimarshop.com\/wp-content\/uploads\/2023\/07\/cropped-logo-esimar-shop-e1689234447314-1.png\",\"contentUrl\":\"https:\/\/www.esimarshop.com\/wp-content\/uploads\/2023\/07\/cropped-logo-esimar-shop-e1689234447314-1.png\",\"width\":1397,\"height\":301,\"caption\":\"ESIMar shop\"},\"image\":{\"@id\":\"https:\/\/www.esimarshop.com\/#\/schema\/logo\/image\/\"}}]}<\/script>\n<!-- \/ Yoast SEO plugin. -->","yoast_head_json":{"title":"Politica de privacitat - ESIMar shop","robots":{"index":"index","follow":"follow","max-snippet":"max-snippet:-1","max-image-preview":"max-image-preview:large","max-video-preview":"max-video-preview:-1"},"canonical":"https:\/\/www.esimarshop.com\/politica-privacidad\/","og_locale":"ca_ES","og_type":"article","og_title":"Politica de privacitat - ESIMar shop","og_description":"Politica de privacitat PRIVACITAT 1. A ESIMar Shop enspreocupa en especial la seguretat i confidencialitat de les dades aportades pels nostres clients. 2. Al moment en qu\u00e8 un client es registra al servidor segur d&#8217;ESIMar Shop o realitza una comanda, les seves dades personals i les relatives a la forma de pagament s&#8217;incorporen a la [&hellip;]","og_url":"https:\/\/www.esimarshop.com\/politica-privacidad\/","og_site_name":"ESIMar shop","article_modified_time":"2021-06-28T10:22:46+00:00","twitter_card":"summary_large_image","twitter_misc":{"Temps estimat de lectura":"5 minuts"},"schema":{"@context":"https:\/\/schema.org","@graph":[{"@type":"WebPage","@id":"https:\/\/www.esimarshop.com\/politica-privacidad\/","url":"https:\/\/www.esimarshop.com\/politica-privacidad\/","name":"Politica de privacitat - ESIMar shop","isPartOf":{"@id":"https:\/\/www.esimarshop.com\/#website"},"datePublished":"2021-06-28T10:22:38+00:00","dateModified":"2021-06-28T10:22:46+00:00","breadcrumb":{"@id":"https:\/\/www.esimarshop.com\/politica-privacidad\/#breadcrumb"},"inLanguage":"ca","potentialAction":[{"@type":"ReadAction","target":["https:\/\/www.esimarshop.com\/politica-privacidad\/"]}]},{"@type":"BreadcrumbList","@id":"https:\/\/www.esimarshop.com\/politica-privacidad\/#breadcrumb","itemListElement":[{"@type":"ListItem","position":1,"name":"Portada","item":"https:\/\/www.esimarshop.com\/"},{"@type":"ListItem","position":2,"name":"Politica de privacitat"}]},{"@type":"WebSite","@id":"https:\/\/www.esimarshop.com\/#website","url":"https:\/\/www.esimarshop.com\/","name":"ESIMar shop","description":"botiga online de material per a estudiant","publisher":{"@id":"https:\/\/www.esimarshop.com\/#organization"},"potentialAction":[{"@type":"SearchAction","target":{"@type":"EntryPoint","urlTemplate":"https:\/\/www.esimarshop.com\/?s={search_term_string}"},"query-input":{"@type":"PropertyValueSpecification","valueRequired":true,"valueName":"search_term_string"}}],"inLanguage":"ca"},{"@type":"Organization","@id":"https:\/\/www.esimarshop.com\/#organization","name":"ESIMar shop","url":"https:\/\/www.esimarshop.com\/","logo":{"@type":"ImageObject","inLanguage":"ca","@id":"https:\/\/www.esimarshop.com\/#\/schema\/logo\/image\/","url":"https:\/\/www.esimarshop.com\/wp-content\/uploads\/2023\/07\/cropped-logo-esimar-shop-e1689234447314-1.png","contentUrl":"https:\/\/www.esimarshop.com\/wp-content\/uploads\/2023\/07\/cropped-logo-esimar-shop-e1689234447314-1.png","width":1397,"height":301,"caption":"ESIMar shop"},"image":{"@id":"https:\/\/www.esimarshop.com\/#\/schema\/logo\/image\/"}}]}},"_links":{"self":[{"href":"https:\/\/www.esimarshop.com\/ca\/wp-json\/wp\/v2\/pages\/369","targetHints":{"allow":["GET"]}}],"collection":[{"href":"https:\/\/www.esimarshop.com\/ca\/wp-json\/wp\/v2\/pages"}],"about":[{"href":"https:\/\/www.esimarshop.com\/ca\/wp-json\/wp\/v2\/types\/page"}],"author":[{"embeddable":true,"href":"https:\/\/www.esimarshop.com\/ca\/wp-json\/wp\/v2\/users\/1"}],"replies":[{"embeddable":true,"href":"https:\/\/www.esimarshop.com\/ca\/wp-json\/wp\/v2\/comments?post=369"}],"version-history":[{"count":5,"href":"https:\/\/www.esimarshop.com\/ca\/wp-json\/wp\/v2\/pages\/369\/revisions"}],"predecessor-version":[{"id":374,"href":"https:\/\/www.esimarshop.com\/ca\/wp-json\/wp\/v2\/pages\/369\/revisions\/374"}],"wp:attachment":[{"href":"https:\/\/www.esimarshop.com\/ca\/wp-json\/wp\/v2\/media?parent=369"}],"curies":[{"name":"wp","href":"https:\/\/api.w.org\/{rel}","templated":true}]}}